{"id":17820,"date":"2024-12-30T09:00:18","date_gmt":"2024-12-30T08:00:18","guid":{"rendered":"https:\/\/konexiobiotech.com\/aviso-legal\/"},"modified":"2025-02-25T20:01:30","modified_gmt":"2025-02-25T19:01:30","slug":"avis-legal","status":"publish","type":"page","link":"https:\/\/konexiobiotech.com\/fr\/avis-legal\/","title":{"rendered":"AVIS L\u00c9GAL"},"content":{"rendered":"\t\t<div data-elementor-type=\"wp-page\" data-elementor-id=\"17820\" class=\"elementor elementor-17820 elementor-16530\">\n\t\t\t\t<div class=\"elementor-element elementor-element-e114a86 e-flex e-con-boxed e-con e-parent\" data-id=\"e114a86\" data-element_type=\"container\" data-settings=\"{&quot;background_background&quot;:&quot;classic&quot;,&quot;wcf_enable_cursor_hover_effect_text&quot;:&quot;View&quot;,&quot;wcf-animation&quot;:&quot;none&quot;}\">\n\t\t\t\t\t<div class=\"e-con-inner\">\n\t\t<div class=\"elementor-element elementor-element-c547822 e-con-full e-flex e-con e-child\" data-id=\"c547822\" data-element_type=\"container\" data-settings=\"{&quot;wcf_enable_cursor_hover_effect_text&quot;:&quot;View&quot;,&quot;wcf-animation&quot;:&quot;none&quot;}\">\n\t\t\t\t<div class=\"elementor-element elementor-element-358a81d wcf-t-animation-none elementor-widget elementor-widget-wcf--title\" data-id=\"358a81d\" data-element_type=\"widget\" data-settings=\"{&quot;wcf-animation&quot;:&quot;fade&quot;,&quot;data-duration&quot;:0.75,&quot;fade-offset&quot;:40,&quot;wcf_text_animation&quot;:&quot;none&quot;,&quot;delay&quot;:0.15,&quot;fade-from&quot;:&quot;bottom&quot;,&quot;ease&quot;:&quot;power2.out&quot;}\" data-widget_type=\"wcf--title.default\">\n\t\t\t\t<div class=\"elementor-widget-container\">\n\t\t\t<h2 class=\"wcf--title\">Legal Konexio Biotech<\/h2>\t\t<\/div>\n\t\t\t\t<\/div>\n\t\t\t\t<div class=\"elementor-element elementor-element-7eff945 elementor-widget-laptop__width-initial elementor-widget-tablet_extra__width-initial elementor-widget-mobile__width-inherit wcf-t-animation-none elementor-widget elementor-widget-wcf--title\" data-id=\"7eff945\" data-element_type=\"widget\" data-settings=\"{&quot;wcf-animation&quot;:&quot;fade&quot;,&quot;data-duration&quot;:0.75,&quot;fade-offset&quot;:40,&quot;wcf_text_animation&quot;:&quot;none&quot;,&quot;delay&quot;:0.15,&quot;fade-from&quot;:&quot;bottom&quot;,&quot;ease&quot;:&quot;power2.out&quot;}\" data-widget_type=\"wcf--title.default\">\n\t\t\t\t<div class=\"elementor-widget-container\">\n\t\t\t<h2 class=\"wcf--title\">AVIS L\u00c9GAL<\/h2>\t\t<\/div>\n\t\t\t\t<\/div>\n\t\t\t\t<\/div>\n\t\t\t\t\t<\/div>\n\t\t\t\t<\/div>\n\t\t<div class=\"elementor-element elementor-element-b842aea e-flex e-con-boxed e-con e-parent\" data-id=\"b842aea\" data-element_type=\"container\" data-settings=\"{&quot;wcf_enable_cursor_hover_effect_text&quot;:&quot;View&quot;,&quot;wcf-animation&quot;:&quot;none&quot;}\">\n\t\t\t\t\t<div class=\"e-con-inner\">\n\t\t\t\t<div class=\"elementor-element elementor-element-ff287db wcf-t-animation-none elementor-widget elementor-widget-text-editor\" data-id=\"ff287db\" data-element_type=\"widget\" data-settings=\"{&quot;wcf_text_animation&quot;:&quot;none&quot;,&quot;wcf-animation&quot;:&quot;none&quot;}\" data-widget_type=\"text-editor.default\">\n\t\t\t\t<div class=\"elementor-widget-container\">\n\t\t\t\t\t\t\t<p>Dans cet espace, l&rsquo;UTILISATEUR pourra trouver toutes les informations relatives aux termes et conditions l\u00e9gales qui d\u00e9finissent les relations entre les utilisateurs et nous en tant que responsables de ce site web. En tant qu&rsquo;utilisateur, il est important que vous connaissiez ces termes avant de continuer votre navigation. KONEXIO BIOTECH, S.L., en tant que responsable de ce site web, s&rsquo;engage \u00e0 traiter les informations de nos utilisateurs et clients avec toutes les garanties et \u00e0 respecter les exigences nationales et europ\u00e9ennes qui r\u00e9gissent la collecte et l&rsquo;utilisation des donn\u00e9es personnelles de nos utilisateurs. Ce site web respecte donc rigoureusement le RGPD (R\u00c8GLEMENT (UE) 2016\/679 sur la protection des donn\u00e9es) et la LSSI-CE, la Loi 34\/2002, du 11 juillet, sur les services de la soci\u00e9t\u00e9 de l&rsquo;information et le commerce \u00e9lectronique.<\/p><p>\u00a0<\/p><p><strong>CONDITIONS G\u00c9N\u00c9RALES D&rsquo;UTILISATION<\/strong><\/p><p>Les pr\u00e9sentes Conditions G\u00e9n\u00e9rales r\u00e9gissent l&rsquo;utilisation (y compris l&rsquo;acc\u00e8s simple) des pages du site web, composantes du site <a href=\"https:\/\/konexiobiotech.com\/\">https:\/\/konexiobiotech.com\/<\/a>, y compris les contenus et services mis \u00e0 disposition sur celles-ci. Toute personne qui acc\u00e8de au site, <a href=\"https:\/\/konexiobiotech.com\/\">https:\/\/konexiobiotech.com\/<\/a> (\u00ab Utilisateur \u00bb), accepte de se conformer aux Conditions G\u00e9n\u00e9rales en vigueur \u00e0 chaque moment du portail <a href=\"https:\/\/konexiobiotech.com\/\">https:\/\/konexiobiotech.com\/<\/a>.<\/p><p>\u00a0<\/p><p><strong>DONN\u00c9ES PERSONNELLES QUE NOUS COLLECTONS ET COMMENT NOUS LE FAISONS<\/strong><\/p><p><a href=\"https:\/\/konexiobiotech.com\/fr\/politique-de-confidentialite\">Lire la politique de confidentialit\u00e9<\/a><\/p><p>\u00a0<\/p><p><strong>ENGAGEMENTS ET OBLIGATIONS DES UTILISATEURS<\/strong><\/p><p>L&rsquo;Utilisateur est inform\u00e9 et accepte que l&rsquo;acc\u00e8s \u00e0 ce site web ne constitue en aucun cas le d\u00e9but d&rsquo;une relation commerciale avec <a href=\"https:\/\/konexiobiotech.com\/\">https:\/\/konexiobiotech.com\/<\/a>. Ainsi, l&rsquo;utilisateur s&rsquo;engage \u00e0 utiliser le site web, ses services et son contenu sans contrevenir \u00e0 la l\u00e9gislation en vigueur, \u00e0 la bonne foi et \u00e0 l&rsquo;ordre public.<\/p><p>L&rsquo;utilisation du site \u00e0 des fins ill\u00e9gales ou nuisibles est interdite, ou de toute mani\u00e8re qui pourrait causer un pr\u00e9judice ou emp\u00eacher le bon fonctionnement du site. Concernant les contenus de ce site, il est interdit de :<\/p><ul><li>Les reproduire, les distribuer ou les modifier, en tout ou en partie, sauf autorisation des titulaires l\u00e9gitimes ;<\/li><li>Toute violation des droits du prestataire ou des titulaires l\u00e9gitimes ;<\/li><li>Les utiliser \u00e0 des fins commerciales ou publicitaires.<\/li><\/ul><p>En utilisant le site <a href=\"https:\/\/konexiobiotech.com\/\">https:\/\/konexiobiotech.com\/<\/a>, l&rsquo;Utilisateur s&rsquo;engage \u00e0 ne mener aucune conduite qui pourrait nuire \u00e0 l&rsquo;image, aux int\u00e9r\u00eats et aux droits de <a href=\"https:\/\/konexiobiotech.com\/\">https:\/\/konexiobiotech.com\/<\/a> ou de tiers, ou qui pourrait endommager, d\u00e9sactiver ou surcharger le portail (indiquer le domaine) ou qui emp\u00eacherait, de quelque mani\u00e8re que ce soit, l&rsquo;utilisation normale du site. Toutefois, l&rsquo;Utilisateur doit \u00eatre conscient que les mesures de s\u00e9curit\u00e9 des syst\u00e8mes informatiques sur Internet ne sont pas enti\u00e8rement fiables, et que, par cons\u00e9quent, <a href=\"https:\/\/konexiobiotech.com\/\">https:\/\/konexiobiotech.com\/<\/a> ne peut garantir l&rsquo;absence de virus ou d&rsquo;autres \u00e9l\u00e9ments susceptibles d&rsquo;entra\u00eener des alt\u00e9rations dans les syst\u00e8mes informatiques (logiciels et mat\u00e9riels) de l&rsquo;Utilisateur ou dans ses documents \u00e9lectroniques et fichiers.<\/p><p>\u00a0<\/p><p><strong>MESURES DE S\u00c9CURIT\u00c9<\/strong><\/p><p>Les donn\u00e9es personnelles communiqu\u00e9es par l&rsquo;utilisateur \u00e0 <a href=\"https:\/\/konexiobiotech.com\/\">https:\/\/konexiobiotech.com\/<\/a> peuvent \u00eatre stock\u00e9es dans des bases de donn\u00e9es automatis\u00e9es ou non, dont la propri\u00e9t\u00e9 appartient exclusivement \u00e0 <a href=\"https:\/\/konexiobiotech.com\/\">https:\/\/konexiobiotech.com\/<\/a>, prenant toutes les mesures techniques, organisationnelles et de s\u00e9curit\u00e9 n\u00e9cessaires pour garantir la confidentialit\u00e9, l&rsquo;int\u00e9grit\u00e9 et la qualit\u00e9 des informations contenues dans celles-ci conform\u00e9ment aux r\u00e9glementations en vigueur sur la protection des donn\u00e9es.<\/p><p>La communication entre les utilisateurs et <a href=\"https:\/\/konexiobiotech.com\/\">https:\/\/konexiobiotech.com\/<\/a> utilise un canal s\u00e9curis\u00e9, et les donn\u00e9es transmises sont crypt\u00e9es gr\u00e2ce aux protocoles HTTPS. Par cons\u00e9quent, nous garantissons les meilleures conditions de s\u00e9curit\u00e9 pour garantir la confidentialit\u00e9 des utilisateurs.<\/p><p>\u00a0<\/p><p><strong>RECLAMATIONS<\/strong><\/p><p><a href=\"https:\/\/konexiobiotech.com\/\">https:\/\/konexiobiotech.com\/<\/a> informe que des formulaires de r\u00e9clamation sont \u00e0 la disposition des utilisateurs et des clients. L&rsquo;Utilisateur peut faire des r\u00e9clamations en demandant son formulaire de r\u00e9clamation ou en envoyant un e-mail \u00e0 administracion@konexiobiotech.com, en indiquant son nom, le service et\/ou produit achet\u00e9, ainsi que les raisons de sa r\u00e9clamation.<\/p><p>L&rsquo;utilisateur\/acheteur peut nous notifier sa r\u00e9clamation, soit par e-mail \u00e0 : administracion@konexiobiotech.com, en joignant, si souhait\u00e9, le formulaire de r\u00e9clamation suivant :<\/p><ul><li>Le service\/produit :<\/li><li>Achet\u00e9 le :<\/li><li>Nom de l&rsquo;utilisateur :<\/li><li>Adresse de l&rsquo;utilisateur :<\/li><li>Signature de l&rsquo;utilisateur (uniquement si soumise sur papier) :<\/li><li>Date :<\/li><li>Motif de la r\u00e9clamation :<\/li><\/ul><p>\u00a0<\/p><p><strong>PLATEFORME DE R\u00c9SOLUTION DES LITIGES<\/strong><\/p><p>Si cela vous int\u00e9resse, pour soumettre vos r\u00e9clamations, vous pouvez \u00e9galement utiliser la plateforme de r\u00e9solution des litiges fournie par la Commission Europ\u00e9enne, qui est disponible au lien suivant : <a href=\"http:\/\/ec.europa.eu\/consumers\/odr\/\">http:\/\/ec.europa.eu\/consumers\/odr\/<\/a><\/p><p>\u00a0<\/p><p><strong>DROITS DE PROPRI\u00c9T\u00c9 INTELLECTUELLE ET INDUSTRIELLE<\/strong><\/p><p>Conform\u00e9ment aux articles 8 et 32.1, deuxi\u00e8me paragraphe, de la Loi sur la Propri\u00e9t\u00e9 Intellectuelle, la reproduction, la distribution et la communication publique, y compris sa mise \u00e0 disposition, de tout ou partie du contenu de ce site web, \u00e0 des fins commerciales, sur tout support et par tout moyen technique, sont express\u00e9ment interdites sans l&rsquo;autorisation de <a href=\"https:\/\/konexiobiotech.com\/\">https:\/\/konexiobiotech.com\/<\/a>. L&rsquo;utilisateur s&rsquo;engage \u00e0 respecter les droits de Propri\u00e9t\u00e9 Intellectuelle et Industrielle d\u00e9tenus par <a href=\"https:\/\/konexiobiotech.com\/\">https:\/\/konexiobiotech.com\/<\/a>.<\/p><p>L&rsquo;utilisateur reconna\u00eet et accepte que l&rsquo;ensemble du site web, comprenant, sans s&rsquo;y limiter, le texte, le logiciel, le contenu (y compris la structure, la s\u00e9lection, l&rsquo;agencement et la pr\u00e9sentation de ceux-ci), les podcasts, les photographies, le mat\u00e9riel audiovisuel et les graphiques, est prot\u00e9g\u00e9 par des marques, des droits d&rsquo;auteur et d&rsquo;autres droits l\u00e9gitimes, conform\u00e9ment aux trait\u00e9s internationaux auxquels l&rsquo;Espagne est partie et \u00e0 d&rsquo;autres droits de propri\u00e9t\u00e9 et lois de l&rsquo;Espagne. Si un utilisateur ou un tiers consid\u00e8re qu&rsquo;une violation de ses droits de propri\u00e9t\u00e9 intellectuelle a eu lieu en raison de l&rsquo;introduction d&rsquo;un contenu sp\u00e9cifique sur le site, il doit en informer <a href=\"https:\/\/konexiobiotech.com\/\">https:\/\/konexiobiotech.com\/<\/a>, en pr\u00e9cisant :<\/p><ul><li>Les donn\u00e9es personnelles de l&rsquo;int\u00e9ress\u00e9, titulaire des droits pr\u00e9sum\u00e9ment enfreints, ou indiquer la repr\u00e9sentation qu&rsquo;il assume si la r\u00e9clamation est faite par une personne autre que l&rsquo;int\u00e9ress\u00e9.<\/li><li>Indiquer les contenus prot\u00e9g\u00e9s par des droits de propri\u00e9t\u00e9 intellectuelle et leur emplacement sur le site, la preuve des droits de propri\u00e9t\u00e9 intellectuelle signal\u00e9s et une d\u00e9claration dans laquelle l&rsquo;int\u00e9ress\u00e9 se porte garant de la v\u00e9racit\u00e9 des informations fournies dans la notification.<\/li><\/ul><p>\u00a0<\/p><p><strong>LIENS EXTERNES<\/strong><\/p><p>Les pages du site <a href=\"https:\/\/konexiobiotech.com\/\">https:\/\/konexiobiotech.com\/<\/a> peuvent fournir des liens vers d&rsquo;autres sites web propri\u00e9taires et des contenus appartenant \u00e0 des tiers. L&rsquo;unique objectif de ces liens est d&rsquo;offrir \u00e0 l&rsquo;Utilisateur la possibilit\u00e9 d&rsquo;acc\u00e9der \u00e0 ces liens. <a href=\"https:\/\/konexiobiotech.com\/\">https:\/\/konexiobiotech.com\/<\/a> ne peut \u00eatre tenu responsable en aucun cas des r\u00e9sultats pouvant d\u00e9couler de l&rsquo;acc\u00e8s de l&rsquo;Utilisateur \u00e0 ces liens.<\/p><p>De plus, l&rsquo;utilisateur trouvera dans ce site des pages, des promotions, et des programmes d&rsquo;affiliation qui acc\u00e8dent aux habitudes de navigation des utilisateurs pour \u00e9tablir des profils. Ces informations sont toujours anonymes et ne permettent pas d&rsquo;identifier l&rsquo;utilisateur.<\/p><p>Les informations fournies sur ces sites sponsoris\u00e9s ou liens d&rsquo;affiliation sont soumises aux politiques de confidentialit\u00e9 utilis\u00e9es sur ces sites et ne seront pas soumises \u00e0 cette politique de confidentialit\u00e9. Par cons\u00e9quent, nous recommandons fortement aux utilisateurs de consulter en d\u00e9tail les politiques de confidentialit\u00e9 des liens d&rsquo;affiliation.<\/p><p>Un utilisateur souhaitant \u00e9tablir un dispositif technique de lien depuis son site web vers le portail <a href=\"https:\/\/konexiobiotech.com\/\">https:\/\/konexiobiotech.com\/<\/a> devra obtenir l&rsquo;autorisation pr\u00e9alable et \u00e9crite de <a href=\"https:\/\/konexiobiotech.com\/\">https:\/\/konexiobiotech.com\/<\/a>. L&rsquo;\u00e9tablissement du lien n&rsquo;implique en aucun cas l&rsquo;existence de relations entre <a href=\"https:\/\/konexiobiotech.com\/\">https:\/\/konexiobiotech.com\/<\/a> et le propri\u00e9taire du site o\u00f9 le lien est \u00e9tabli, ni l&rsquo;acceptation ou l&rsquo;approbation par <a href=\"https:\/\/konexiobiotech.com\/\">https:\/\/konexiobiotech.com\/<\/a> de ses contenus ou services.<\/p><p>\u00a0<\/p><p><strong>POLITIQUE DE COMMENTAIRES<\/strong><\/p><p>Sur notre site web, les utilisateurs sont autoris\u00e9s \u00e0 laisser des commentaires pour enrichir le contenu et poser des questions. Les commentaires qui ne sont pas li\u00e9s au contenu de ce site web, qui incluent des diffamations, des insultes, des attaques personnelles ou un manque de respect g\u00e9n\u00e9ral envers l&rsquo;auteur ou d&rsquo;autres membres, ne seront pas accept\u00e9s. Les commentaires contenant des informations manifestement trompeuses ou fausses, ainsi que ceux contenant des informations personnelles, telles que des adresses priv\u00e9es ou des num\u00e9ros de t\u00e9l\u00e9phone, et qui violent notre politique de protection des donn\u00e9es, seront \u00e9galement supprim\u00e9s.<\/p><p>De m\u00eame, les commentaires cr\u00e9\u00e9s uniquement \u00e0 des fins promotionnelles pour un site web, une personne ou un collectif, ou tout ce qui pourrait \u00eatre consid\u00e9r\u00e9 comme du spam en g\u00e9n\u00e9ral, seront rejet\u00e9s.<\/p><p>Les commentaires anonymes ne sont pas autoris\u00e9s, ainsi que ceux r\u00e9alis\u00e9s par une m\u00eame personne avec diff\u00e9rents pseudonymes. Les commentaires tentant de forcer un d\u00e9bat ou de prendre position pour un autre utilisateur ne seront pas non plus pris en compte.<\/p><p>\u00a0<\/p><p><strong>EXCLUSION DE GARANTIES ET DE RESPONSABILIT\u00c9<\/strong><\/p><p>Le Prestataire ne garantit en aucun cas et ne peut \u00eatre tenu responsable des dommages de toute nature pouvant r\u00e9sulter de :<\/p><ul><li>L&rsquo;indisponibilit\u00e9, la maintenance et le fonctionnement effectif du site, de ses services et de ses contenus ;<\/li><li>L&rsquo;existence de virus, de programmes malveillants ou nuisibles dans les contenus ;<\/li><li>L&rsquo;utilisation ill\u00e9gale, n\u00e9gligente, frauduleuse ou contraire au pr\u00e9sent Avis L\u00e9gal ;<\/li><li>Le manque de l\u00e9galit\u00e9, de qualit\u00e9, de fiabilit\u00e9, d&rsquo;utilit\u00e9 et de disponibilit\u00e9 des services fournis par des tiers et mis \u00e0 la disposition des utilisateurs sur le site.<\/li><\/ul><p>Le prestataire ne peut en aucun cas \u00eatre responsable des dommages qui pourraient d\u00e9couler de l&rsquo;utilisation ill\u00e9gale ou abusive de ce site web.<\/p><p>\u00a0<\/p><p><strong>LOI APPLICABLE ET JURIDICTION<\/strong><\/p><p>En r\u00e8gle g\u00e9n\u00e9rale, les relations entre <a href=\"https:\/\/konexiobiotech.com\/\">https:\/\/konexiobiotech.com\/<\/a> et les Utilisateurs de ses services t\u00e9l\u00e9matiques pr\u00e9sents sur ce site sont soumises \u00e0 la l\u00e9gislation et \u00e0 la juridiction espagnoles, et aux tribunaux comp\u00e9tents en Espagne.<\/p><p>\u00a0<\/p><p><strong>CONTACT<\/strong><\/p><p>Si un utilisateur a des doutes concernant ces Conditions l\u00e9gales ou souhaite faire un commentaire sur le portail <a href=\"https:\/\/konexiobiotech.com\/\">https:\/\/konexiobiotech.com\/<\/a>, veuillez contacter administracion@konexiobiotech.com. Au nom de l&rsquo;\u00e9quipe de KONEXIO BIOTECH, S.L., nous vous remercions du temps consacr\u00e9 \u00e0 lire cet Avis L\u00e9gal.<\/p>\t\t\t\t\t\t<\/div>\n\t\t\t\t<\/div>\n\t\t\t\t\t<\/div>\n\t\t\t\t<\/div>\n\t\t\t\t<\/div>\n\t\t","protected":false},"excerpt":{"rendered":"<p>Legal Konexio Biotech AVIS L\u00c9GAL Dans cet espace, l&rsquo;UTILISATEUR pourra trouver toutes les informations relatives aux termes et conditions l\u00e9gales qui d\u00e9finissent les relations entre les utilisateurs et nous en tant que responsables de ce site web. En tant qu&rsquo;utilisateur, il est important que vous connaissiez ces termes avant de continuer votre navigation. KONEXIO BIOTECH, [&hellip;]<\/p>\n","protected":false},"author":1,"featured_media":0,"parent":0,"menu_order":0,"comment_status":"closed","ping_status":"closed","template":"elementor_header_footer","meta":{"footnotes":""},"class_list":["post-17820","page","type-page","status-publish","hentry"],"_links":{"self":[{"href":"https:\/\/konexiobiotech.com\/fr\/wp-json\/wp\/v2\/pages\/17820","targetHints":{"allow":["GET"]}}],"collection":[{"href":"https:\/\/konexiobiotech.com\/fr\/wp-json\/wp\/v2\/pages"}],"about":[{"href":"https:\/\/konexiobiotech.com\/fr\/wp-json\/wp\/v2\/types\/page"}],"author":[{"embeddable":true,"href":"https:\/\/konexiobiotech.com\/fr\/wp-json\/wp\/v2\/users\/1"}],"replies":[{"embeddable":true,"href":"https:\/\/konexiobiotech.com\/fr\/wp-json\/wp\/v2\/comments?post=17820"}],"version-history":[{"count":4,"href":"https:\/\/konexiobiotech.com\/fr\/wp-json\/wp\/v2\/pages\/17820\/revisions"}],"predecessor-version":[{"id":18070,"href":"https:\/\/konexiobiotech.com\/fr\/wp-json\/wp\/v2\/pages\/17820\/revisions\/18070"}],"wp:attachment":[{"href":"https:\/\/konexiobiotech.com\/fr\/wp-json\/wp\/v2\/media?parent=17820"}],"curies":[{"name":"wp","href":"https:\/\/api.w.org\/{rel}","templated":true}]}}