{"id":17837,"date":"2024-12-20T00:10:10","date_gmt":"2024-12-19T23:10:10","guid":{"rendered":"https:\/\/konexiobiotech.com\/noticias\/"},"modified":"2025-02-12T22:54:49","modified_gmt":"2025-02-12T21:54:49","slug":"actualites","status":"publish","type":"page","link":"https:\/\/konexiobiotech.com\/fr\/actualites\/","title":{"rendered":"Actualit\u00e9s"},"content":{"rendered":"\t\t<div data-elementor-type=\"wp-page\" data-elementor-id=\"17837\" class=\"elementor elementor-17837 elementor-16463\">\n\t\t\t\t<div class=\"elementor-element elementor-element-3d2d813 e-flex e-con-boxed e-con e-parent\" data-id=\"3d2d813\" data-element_type=\"container\" data-settings=\"{&quot;wcf_enable_cursor_hover_effect_text&quot;:&quot;View&quot;,&quot;wcf-animation&quot;:&quot;none&quot;}\">\n\t\t\t\t\t<div class=\"e-con-inner\">\n\t\t<div class=\"elementor-element elementor-element-076d157 e-con-full e-flex e-con e-child\" data-id=\"076d157\" data-element_type=\"container\" data-settings=\"{&quot;wcf_enable_cursor_hover_effect_text&quot;:&quot;View&quot;,&quot;wcf-animation&quot;:&quot;none&quot;}\">\n\t\t<div class=\"elementor-element elementor-element-6e61141 e-con-full e-flex e-con e-child\" data-id=\"6e61141\" data-element_type=\"container\" data-settings=\"{&quot;wcf_enable_cursor_hover_effect_text&quot;:&quot;View&quot;,&quot;wcf-animation&quot;:&quot;none&quot;}\">\n\t\t\t\t<div class=\"elementor-element elementor-element-7618875 wcf-t-animation-none elementor-widget elementor-widget-wcf--title\" data-id=\"7618875\" data-element_type=\"widget\" data-settings=\"{&quot;wcf-animation&quot;:&quot;fade&quot;,&quot;data-duration&quot;:0.75,&quot;fade-offset&quot;:40,&quot;wcf_text_animation&quot;:&quot;none&quot;,&quot;delay&quot;:0.15,&quot;fade-from&quot;:&quot;bottom&quot;,&quot;ease&quot;:&quot;power2.out&quot;}\" data-widget_type=\"wcf--title.default\">\n\t\t\t\t<div class=\"elementor-widget-container\">\n\t\t\t<h4 class=\"wcf--title\">Blog Konexio Biotech<\/h4>\t\t<\/div>\n\t\t\t\t<\/div>\n\t\t\t\t<\/div>\n\t\t<div class=\"elementor-element elementor-element-6cade26 e-con-full e-flex e-con e-child\" data-id=\"6cade26\" data-element_type=\"container\" data-settings=\"{&quot;wcf_enable_cursor_hover_effect_text&quot;:&quot;View&quot;,&quot;wcf-animation&quot;:&quot;none&quot;}\">\n\t\t\t\t<div class=\"elementor-element elementor-element-827ff80 elementor-widget-laptop__width-initial elementor-widget-mobile__width-inherit elementor-widget-mobile_extra__width-inherit wcf-t-animation-none elementor-widget elementor-widget-wcf--title\" data-id=\"827ff80\" data-element_type=\"widget\" data-settings=\"{&quot;wcf-animation&quot;:&quot;fade&quot;,&quot;delay&quot;:0.3,&quot;data-duration&quot;:0.75,&quot;fade-offset&quot;:40,&quot;wcf_text_animation&quot;:&quot;none&quot;,&quot;fade-from&quot;:&quot;bottom&quot;,&quot;ease&quot;:&quot;power2.out&quot;}\" data-widget_type=\"wcf--title.default\">\n\t\t\t\t<div class=\"elementor-widget-container\">\n\t\t\t<h2 class=\"wcf--title\">Descubre las \u00faltimas noticias<\/h2>\t\t<\/div>\n\t\t\t\t<\/div>\n\t\t\t\t<\/div>\n\t\t\t\t<\/div>\n\t\t\t\t\t<\/div>\n\t\t\t\t<\/div>\n\t\t<div class=\"elementor-element elementor-element-2e77772 e-flex e-con-boxed e-con e-parent\" data-id=\"2e77772\" data-element_type=\"container\" data-settings=\"{&quot;wcf_enable_cursor_hover_effect_text&quot;:&quot;View&quot;,&quot;wcf-animation&quot;:&quot;none&quot;}\">\n\t\t\t\t\t<div class=\"e-con-inner\">\n\t\t\t\t<div class=\"elementor-element elementor-element-1294e06d wcf--image-effect-zoom-in elementor-widget elementor-widget-wcf--posts\" data-id=\"1294e06d\" data-element_type=\"widget\" data-settings=\"{&quot;wcf-animation&quot;:&quot;fade&quot;,&quot;data-duration&quot;:0.75,&quot;fade-offset&quot;:40,&quot;delay&quot;:0.15,&quot;fade-from&quot;:&quot;bottom&quot;,&quot;ease&quot;:&quot;power2.out&quot;}\" data-widget_type=\"wcf--posts.default\">\n\t\t\t\t<div class=\"elementor-widget-container\">\n\t\t\t<div class=\"wcf__posts style-1\">\t\t<div class=\"wcf-posts\">\r\n\t\t\t\t<article class=\"wcf-post post-17814 post type-post status-publish format-standard has-post-thumbnail hentry category-actualites\">\r\n\t\t\t\t\t<div class=\"thumb\">\r\n\t\t\t<a href=\"https:\/\/konexiobiotech.com\/fr\/grata-rerum-novitas-car-t-les-deux-facettes-de-notre-systeme-immunitaire\/\" aria-label=\"GRATA RERUM NOVITAS CAR-T : les deux facettes de notre syst\u00e8me immunitaire\">\r\n\t\t\t\t<img fetchpriority=\"high\" decoding=\"async\" width=\"460\" height=\"320\" src=\"https:\/\/konexiobiotech.com\/wp-content\/uploads\/2024\/12\/blog-grata-rerum-ok.webp\" class=\"attachment-full size-full wp-image-17758\" alt=\"\" srcset=\"https:\/\/konexiobiotech.com\/wp-content\/uploads\/2024\/12\/blog-grata-rerum-ok.webp 460w, https:\/\/konexiobiotech.com\/wp-content\/uploads\/2024\/12\/blog-grata-rerum-ok-300x209.webp 300w\" sizes=\"(max-width: 460px) 100vw, 460px\" \/>\t\t\t<\/a>\r\n\t\t<\/div>\r\n\t\t\r\n\t\t\t<div class=\"content\">\r\n\t\t\t\t\t\t<ul class=\"wcf-taxonomy\">\r\n\t\t\t<li><a href=\"https:\/\/konexiobiotech.com\/fr\/category\/actualites\/\">Actualit\u00e9s<\/a><\/li>\t\t<\/ul>\r\n\t\t\t\t<ul class=\"wcf-meta\">\r\n\t\t\t\t\t<li>\r\n\t\t<span>\r\n\t\t\t17 de d\u00e9cembre de 2024\t\t<\/span>\r\n\t\t<\/li>\r\n\t\t\t\t<\/ul>\r\n\t\t        <h3 class=\"title\">\r\n        <a href=\"https:\/\/konexiobiotech.com\/fr\/grata-rerum-novitas-car-t-les-deux-facettes-de-notre-systeme-immunitaire\/\">\r\n\t\t\tGRATA RERUM NOVITAS CAR-T : les deux facettes de notre syst\u00e8me immunitaire        <\/a>\r\n        <\/h3>\r\n\t\t\t\t<div class=\"desc\">\r\n\t\t\t<p>Les cellules CAR-T sont un type de traitement dans lequel les cellules T d\u2019un patient (un type de cellule immunitaire) sont modifi\u00e9es en laboratoire pour se lier aux cellules canc\u00e9reuses et les d\u00e9truire.<\/p>\n\t\t<\/div>\r\n\t\t\t\t\t<\/div>\r\n\t\t<\/article>\r\n\t\t\t\t<article class=\"wcf-post post-17816 post type-post status-publish format-standard has-post-thumbnail hentry category-actualites\">\r\n\t\t\t\t\t<div class=\"thumb\">\r\n\t\t\t<a href=\"https:\/\/konexiobiotech.com\/fr\/fabrication-decentralisee-de-medicaments-en-therapies-avancees\/\" aria-label=\"Fabrication d\u00e9centralis\u00e9e de m\u00e9dicaments en th\u00e9rapies avanc\u00e9es\">\r\n\t\t\t\t<img decoding=\"async\" width=\"460\" height=\"320\" src=\"https:\/\/konexiobiotech.com\/wp-content\/uploads\/2024\/12\/fabricacion-descentralizada-ok.webp\" class=\"attachment-full size-full wp-image-17756\" alt=\"\" srcset=\"https:\/\/konexiobiotech.com\/wp-content\/uploads\/2024\/12\/fabricacion-descentralizada-ok.webp 460w, https:\/\/konexiobiotech.com\/wp-content\/uploads\/2024\/12\/fabricacion-descentralizada-ok-300x209.webp 300w\" sizes=\"(max-width: 460px) 100vw, 460px\" \/>\t\t\t<\/a>\r\n\t\t<\/div>\r\n\t\t\r\n\t\t\t<div class=\"content\">\r\n\t\t\t\t\t\t<ul class=\"wcf-taxonomy\">\r\n\t\t\t<li><a href=\"https:\/\/konexiobiotech.com\/fr\/category\/actualites\/\">Actualit\u00e9s<\/a><\/li>\t\t<\/ul>\r\n\t\t\t\t<ul class=\"wcf-meta\">\r\n\t\t\t\t\t<li>\r\n\t\t<span>\r\n\t\t\t17 de d\u00e9cembre de 2024\t\t<\/span>\r\n\t\t<\/li>\r\n\t\t\t\t<\/ul>\r\n\t\t        <h3 class=\"title\">\r\n        <a href=\"https:\/\/konexiobiotech.com\/fr\/fabrication-decentralisee-de-medicaments-en-therapies-avancees\/\">\r\n\t\t\tFabrication d\u00e9centralis\u00e9e de m\u00e9dicaments en th\u00e9rapies avanc\u00e9es        <\/a>\r\n        <\/h3>\r\n\t\t\t\t<div class=\"desc\">\r\n\t\t\t<p>Les m\u00e9dicaments de th\u00e9rapie avanc\u00e9e sont r\u00e9gis par le r\u00e8glement (CE) n\u00b0 1394\/2007.<\/p>\n\t\t<\/div>\r\n\t\t\t\t\t<\/div>\r\n\t\t<\/article>\r\n\t\t\t\t<article class=\"wcf-post post-17818 post type-post status-publish format-standard has-post-thumbnail hentry category-actualites\">\r\n\t\t\t\t\t<div class=\"thumb\">\r\n\t\t\t<a href=\"https:\/\/konexiobiotech.com\/fr\/necessite-devaluation-reglementaire-dans-les-investissements-biotechnologiques\/\" aria-label=\"N\u00e9cessit\u00e9 d\u2019\u00e9valuation r\u00e9glementaire dans les investissements biotechnologiques\">\r\n\t\t\t\t<img decoding=\"async\" width=\"460\" height=\"320\" src=\"https:\/\/konexiobiotech.com\/wp-content\/uploads\/2024\/11\/blog-necesidad-evaluacion-ok.webp\" class=\"attachment-full size-full wp-image-17764\" alt=\"\" srcset=\"https:\/\/konexiobiotech.com\/wp-content\/uploads\/2024\/11\/blog-necesidad-evaluacion-ok.webp 460w, https:\/\/konexiobiotech.com\/wp-content\/uploads\/2024\/11\/blog-necesidad-evaluacion-ok-300x209.webp 300w\" sizes=\"(max-width: 460px) 100vw, 460px\" \/>\t\t\t<\/a>\r\n\t\t<\/div>\r\n\t\t\r\n\t\t\t<div class=\"content\">\r\n\t\t\t\t\t\t<ul class=\"wcf-taxonomy\">\r\n\t\t\t<li><a href=\"https:\/\/konexiobiotech.com\/fr\/category\/actualites\/\">Actualit\u00e9s<\/a><\/li>\t\t<\/ul>\r\n\t\t\t\t<ul class=\"wcf-meta\">\r\n\t\t\t\t\t<li>\r\n\t\t<span>\r\n\t\t\t14 de novembre de 2024\t\t<\/span>\r\n\t\t<\/li>\r\n\t\t\t\t<\/ul>\r\n\t\t        <h3 class=\"title\">\r\n        <a href=\"https:\/\/konexiobiotech.com\/fr\/necessite-devaluation-reglementaire-dans-les-investissements-biotechnologiques\/\">\r\n\t\t\tN\u00e9cessit\u00e9 d\u2019\u00e9valuation r\u00e9glementaire dans les investissements biotechnologiques        <\/a>\r\n        <\/h3>\r\n\t\t\t\t<div class=\"desc\">\r\n\t\t\t<p>Comme le montre le dernier rapport publi\u00e9 par AseBio, les entreprises biotechnologiques continuent de se maintenir parmi les cinq premi\u00e8res positions en termes d\u2019intensit\u00e9 des investissements en R&#038;D.<\/p>\n\t\t<\/div>\r\n\t\t\t\t\t<\/div>\r\n\t\t<\/article>\r\n\t\t<\/div><\/div>\t\t<\/div>\n\t\t\t\t<\/div>\n\t\t\t\t\t<\/div>\n\t\t\t\t<\/div>\n\t\t\t\t<\/div>\n\t\t","protected":false},"excerpt":{"rendered":"<p>Blog Konexio Biotech Descubre las \u00faltimas noticias Noticias 17 de diciembre de 2024 GRATA RERUM NOVITAS CAR-T: las dos caras de nuestro sistema inmunol\u00f3gico Las c\u00e9lulas CAR-T son un tipo de tratamiento en el que las c\u00e9lulas T de un paciente (un tipo de c\u00e9lula inmunitaria) se modifican en el laboratorio para que se unan [&hellip;]<\/p>\n","protected":false},"author":1,"featured_media":0,"parent":0,"menu_order":0,"comment_status":"closed","ping_status":"closed","template":"elementor_header_footer","meta":{"footnotes":""},"class_list":["post-17837","page","type-page","status-publish","hentry"],"_links":{"self":[{"href":"https:\/\/konexiobiotech.com\/fr\/wp-json\/wp\/v2\/pages\/17837","targetHints":{"allow":["GET"]}}],"collection":[{"href":"https:\/\/konexiobiotech.com\/fr\/wp-json\/wp\/v2\/pages"}],"about":[{"href":"https:\/\/konexiobiotech.com\/fr\/wp-json\/wp\/v2\/types\/page"}],"author":[{"embeddable":true,"href":"https:\/\/konexiobiotech.com\/fr\/wp-json\/wp\/v2\/users\/1"}],"replies":[{"embeddable":true,"href":"https:\/\/konexiobiotech.com\/fr\/wp-json\/wp\/v2\/comments?post=17837"}],"version-history":[{"count":1,"href":"https:\/\/konexiobiotech.com\/fr\/wp-json\/wp\/v2\/pages\/17837\/revisions"}],"predecessor-version":[{"id":18005,"href":"https:\/\/konexiobiotech.com\/fr\/wp-json\/wp\/v2\/pages\/17837\/revisions\/18005"}],"wp:attachment":[{"href":"https:\/\/konexiobiotech.com\/fr\/wp-json\/wp\/v2\/media?parent=17837"}],"curies":[{"name":"wp","href":"https:\/\/api.w.org\/{rel}","templated":true}]}}